{"id":30074,"date":"2024-04-08T17:06:58","date_gmt":"2024-04-08T14:06:58","guid":{"rendered":"https:\/\/jormatenovuo.sivustamo.dev\/contact-me\/"},"modified":"2024-04-25T16:13:40","modified_gmt":"2024-04-25T13:13:40","slug":"contact-me","status":"publish","type":"page","link":"https:\/\/www.jtenovuo.com\/en\/contact-me\/","title":{"rendered":"Contact me"},"content":{"rendered":"\t\t<div data-elementor-type=\"wp-page\" data-elementor-id=\"30074\" class=\"elementor elementor-30074 elementor-311\" data-elementor-post-type=\"page\">\n\t\t\t\t<div class=\"elementor-element elementor-element-1a475c3 e-con-full e-flex e-con e-parent\" data-id=\"1a475c3\" data-element_type=\"container\" data-e-type=\"container\" data-settings=\"{&quot;jet_parallax_layout_list&quot;:[]}\">\n\t\t\t\t<div class=\"elementor-element elementor-element-12bb55e elementor-widget elementor-widget-shortcode\" data-id=\"12bb55e\" data-element_type=\"widget\" data-e-type=\"widget\" data-widget_type=\"shortcode.default\">\n\t\t\t\t<div class=\"elementor-widget-container\">\n\t\t\t\t\t\t\t<div class=\"elementor-shortcode\">\t\t<div data-elementor-type=\"section\" data-elementor-id=\"303\" class=\"elementor elementor-303\" data-elementor-post-type=\"elementor_library\">\n\t\t\t<div class=\"elementor-element elementor-element-28fa08f e-flex e-con-boxed e-con e-parent\" data-id=\"28fa08f\" data-element_type=\"container\" data-e-type=\"container\" data-settings=\"{&quot;background_background&quot;:&quot;classic&quot;,&quot;jet_parallax_layout_list&quot;:[]}\">\n\t\t\t\t\t<div class=\"e-con-inner\">\n\t\t\t\t\t<\/div>\n\t\t\t\t<\/div>\n\t\t\t\t<\/div>\n\t\t<\/div>\n\t\t\t\t\t\t<\/div>\n\t\t\t\t<\/div>\n\t\t\t\t<\/div>\n\t\t<div class=\"elementor-element elementor-element-025704c osiomargintop e-flex e-con-boxed e-con e-parent\" data-id=\"025704c\" data-element_type=\"container\" data-e-type=\"container\" data-settings=\"{&quot;jet_parallax_layout_list&quot;:[]}\">\n\t\t\t\t\t<div class=\"e-con-inner\">\n\t\t<div class=\"elementor-element elementor-element-ba78de2 e-grid e-con-full e-con e-child\" data-id=\"ba78de2\" data-element_type=\"container\" data-e-type=\"container\" data-settings=\"{&quot;jet_parallax_layout_list&quot;:[]}\">\n\t\t\t\t<div class=\"elementor-element elementor-element-e48c898 elementor-view-default elementor-position-block-start elementor-mobile-position-block-start elementor-widget elementor-widget-icon-box\" data-id=\"e48c898\" data-element_type=\"widget\" data-e-type=\"widget\" data-widget_type=\"icon-box.default\">\n\t\t\t\t<div class=\"elementor-widget-container\">\n\t\t\t\t\t\t\t<div class=\"elementor-icon-box-wrapper\">\n\n\t\t\t\t\t\t<div class=\"elementor-icon-box-icon\">\n\t\t\t\t<a href=\"mailto:jorma.tenovuo@uto.fi\" class=\"elementor-icon\" tabindex=\"-1\" aria-label=\"jorma.tenovuo@uto.fi\">\n\t\t\t\t<i aria-hidden=\"true\" class=\"fas fa-envelope\"><\/i>\t\t\t\t<\/a>\n\t\t\t<\/div>\n\t\t\t\n\t\t\t\t\t\t<div class=\"elementor-icon-box-content\">\n\n\t\t\t\t\t\t\t\t\t<h4 class=\"elementor-icon-box-title\">\n\t\t\t\t\t\t<a href=\"mailto:jorma.tenovuo@uto.fi\" >\n\t\t\t\t\t\t\tjorma.tenovuo@uto.fi\t\t\t\t\t\t<\/a>\n\t\t\t\t\t<\/h4>\n\t\t\t\t\n\t\t\t\t\n\t\t\t<\/div>\n\t\t\t\n\t\t<\/div>\n\t\t\t\t\t\t<\/div>\n\t\t\t\t<\/div>\n\t\t\t\t<div class=\"elementor-element elementor-element-b062236 elementor-view-default elementor-position-block-start elementor-mobile-position-block-start elementor-widget elementor-widget-icon-box\" data-id=\"b062236\" data-element_type=\"widget\" data-e-type=\"widget\" data-widget_type=\"icon-box.default\">\n\t\t\t\t<div class=\"elementor-widget-container\">\n\t\t\t\t\t\t\t<div class=\"elementor-icon-box-wrapper\">\n\n\t\t\t\t\t\t<div class=\"elementor-icon-box-icon\">\n\t\t\t\t<a href=\"tel:+358505960665\" class=\"elementor-icon\" tabindex=\"-1\" aria-label=\"+358 50 596 0665\">\n\t\t\t\t<i aria-hidden=\"true\" class=\"fas fa-mobile-alt\"><\/i>\t\t\t\t<\/a>\n\t\t\t<\/div>\n\t\t\t\n\t\t\t\t\t\t<div class=\"elementor-icon-box-content\">\n\n\t\t\t\t\t\t\t\t\t<h4 class=\"elementor-icon-box-title\">\n\t\t\t\t\t\t<a href=\"tel:+358505960665\" >\n\t\t\t\t\t\t\t+358 50 596 0665\t\t\t\t\t\t<\/a>\n\t\t\t\t\t<\/h4>\n\t\t\t\t\n\t\t\t\t\n\t\t\t<\/div>\n\t\t\t\n\t\t<\/div>\n\t\t\t\t\t\t<\/div>\n\t\t\t\t<\/div>\n\t\t\t\t<div class=\"elementor-element elementor-element-29953f0 elementor-view-default elementor-position-block-start elementor-mobile-position-block-start elementor-widget elementor-widget-icon-box\" data-id=\"29953f0\" data-element_type=\"widget\" data-e-type=\"widget\" data-widget_type=\"icon-box.default\">\n\t\t\t\t<div class=\"elementor-widget-container\">\n\t\t\t\t\t\t\t<div class=\"elementor-icon-box-wrapper\">\n\n\t\t\t\t\t\t<div class=\"elementor-icon-box-icon\">\n\t\t\t\t<a href=\"https:\/\/maps.app.goo.gl\/EBL5dwHjHKiZkGz57\" target=\"_blank\" class=\"elementor-icon\" tabindex=\"-1\" aria-label=\"Ut\u00f6n kyl\u00e4tie 21&lt;br&gt;FI-21740 Ut\u00f6&lt;br&gt; Finland\">\n\t\t\t\t<i aria-hidden=\"true\" class=\"fas fa-map-marked-alt\"><\/i>\t\t\t\t<\/a>\n\t\t\t<\/div>\n\t\t\t\n\t\t\t\t\t\t<div class=\"elementor-icon-box-content\">\n\n\t\t\t\t\t\t\t\t\t<h4 class=\"elementor-icon-box-title\">\n\t\t\t\t\t\t<a href=\"https:\/\/maps.app.goo.gl\/EBL5dwHjHKiZkGz57\" target=\"_blank\" >\n\t\t\t\t\t\t\tUt\u00f6n kyl\u00e4tie 21<br>FI-21740 Ut\u00f6<br> Finland\t\t\t\t\t\t<\/a>\n\t\t\t\t\t<\/h4>\n\t\t\t\t\n\t\t\t\t\n\t\t\t<\/div>\n\t\t\t\n\t\t<\/div>\n\t\t\t\t\t\t<\/div>\n\t\t\t\t<\/div>\n\t\t\t\t<\/div>\n\t\t\t\t<div class=\"elementor-element elementor-element-2e65770 elementor-widget elementor-widget-text-editor\" data-id=\"2e65770\" data-element_type=\"widget\" data-e-type=\"widget\" data-widget_type=\"text-editor.default\">\n\t\t\t\t<div class=\"elementor-widget-container\">\n\t\t\t\t\t\t\t\t\t<p>Contact me if you want to use my pictures:<br \/><a href=\"mailto:jorma.tenovuo@uto.fi\">jorma.tenovuo@uto.fi<\/a><\/p>\n\t\t\t\t\t\t\t\t<\/div>\n\t\t\t\t<\/div>\n\t\t\t\t\t<\/div>\n\t\t\t\t<\/div>\n\t\t<div class=\"elementor-element elementor-element-5f0503f osiopaddingbottom e-flex e-con-boxed e-con e-parent\" data-id=\"5f0503f\" data-element_type=\"container\" data-e-type=\"container\" data-settings=\"{&quot;jet_parallax_layout_list&quot;:[]}\">\n\t\t\t\t\t<div class=\"e-con-inner\">\n\t\t\t\t<div class=\"elementor-element elementor-element-a2239f7 elementor-widget elementor-widget-gallery\" data-id=\"a2239f7\" data-element_type=\"widget\" data-e-type=\"widget\" data-settings=\"{&quot;gallery_layout&quot;:&quot;masonry&quot;,&quot;columns&quot;:3,&quot;gap&quot;:{&quot;unit&quot;:&quot;px&quot;,&quot;size&quot;:20,&quot;sizes&quot;:[]},&quot;lazyload&quot;:&quot;yes&quot;,&quot;columns_tablet&quot;:2,&quot;columns_mobile&quot;:1,&quot;gap_laptop&quot;:{&quot;unit&quot;:&quot;px&quot;,&quot;size&quot;:10,&quot;sizes&quot;:[]},&quot;gap_tablet&quot;:{&quot;unit&quot;:&quot;px&quot;,&quot;size&quot;:10,&quot;sizes&quot;:[]},&quot;gap_mobile&quot;:{&quot;unit&quot;:&quot;px&quot;,&quot;size&quot;:10,&quot;sizes&quot;:[]},&quot;link_to&quot;:&quot;file&quot;,&quot;overlay_background&quot;:&quot;yes&quot;,&quot;content_hover_animation&quot;:&quot;fade-in&quot;}\" data-widget_type=\"gallery.default\">\n\t\t\t\t<div class=\"elementor-widget-container\">\n\t\t\t\t\t\t\t<div class=\"elementor-gallery__container\">\n\t\t\t\t\t\t\t<a class=\"e-gallery-item elementor-gallery-item elementor-animated-content\" href=\"https:\/\/www.jtenovuo.com\/wp-content\/uploads\/2024\/04\/contactme2.jpg\" data-elementor-open-lightbox=\"yes\" data-elementor-lightbox-slideshow=\"a2239f7\" data-elementor-lightbox-title=\"contactme2\" data-e-action-hash=\"#elementor-action%3Aaction%3Dlightbox%26settings%3DeyJpZCI6MTY4NDYsInVybCI6Imh0dHBzOlwvXC93d3cuanRlbm92dW8uY29tXC93cC1jb250ZW50XC91cGxvYWRzXC8yMDI0XC8wNFwvY29udGFjdG1lMi5qcGciLCJzbGlkZXNob3ciOiJhMjIzOWY3In0%3D\">\n\t\t\t\t\t<div class=\"e-gallery-image elementor-gallery-item__image\" data-thumbnail=\"https:\/\/www.jtenovuo.com\/wp-content\/uploads\/2024\/04\/contactme2.jpg\" data-width=\"400\" data-height=\"300\" aria-label=\"\" role=\"img\" ><\/div>\n\t\t\t\t\t\t\t\t\t\t\t<div class=\"elementor-gallery-item__overlay\"><\/div>\n\t\t\t\t\t\t\t\t\t\t\t\t\t\t<\/a>\n\t\t\t\t\t\t\t<a class=\"e-gallery-item elementor-gallery-item elementor-animated-content\" href=\"https:\/\/www.jtenovuo.com\/wp-content\/uploads\/2024\/04\/contactme1.jpg\" data-elementor-open-lightbox=\"yes\" data-elementor-lightbox-slideshow=\"a2239f7\" data-elementor-lightbox-title=\"contactme1\" data-e-action-hash=\"#elementor-action%3Aaction%3Dlightbox%26settings%3DeyJpZCI6MTY4NDcsInVybCI6Imh0dHBzOlwvXC93d3cuanRlbm92dW8uY29tXC93cC1jb250ZW50XC91cGxvYWRzXC8yMDI0XC8wNFwvY29udGFjdG1lMS5qcGciLCJzbGlkZXNob3ciOiJhMjIzOWY3In0%3D\">\n\t\t\t\t\t<div class=\"e-gallery-image elementor-gallery-item__image\" data-thumbnail=\"https:\/\/www.jtenovuo.com\/wp-content\/uploads\/2024\/04\/contactme1.jpg\" data-width=\"400\" data-height=\"300\" aria-label=\"\" role=\"img\" ><\/div>\n\t\t\t\t\t\t\t\t\t\t\t<div class=\"elementor-gallery-item__overlay\"><\/div>\n\t\t\t\t\t\t\t\t\t\t\t\t\t\t<\/a>\n\t\t\t\t\t\t\t<a class=\"e-gallery-item elementor-gallery-item elementor-animated-content\" href=\"https:\/\/www.jtenovuo.com\/wp-content\/uploads\/2024\/04\/contactme3.jpg\" data-elementor-open-lightbox=\"yes\" data-elementor-lightbox-slideshow=\"a2239f7\" data-elementor-lightbox-title=\"contactme3\" data-e-action-hash=\"#elementor-action%3Aaction%3Dlightbox%26settings%3DeyJpZCI6MTY4NDgsInVybCI6Imh0dHBzOlwvXC93d3cuanRlbm92dW8uY29tXC93cC1jb250ZW50XC91cGxvYWRzXC8yMDI0XC8wNFwvY29udGFjdG1lMy5qcGciLCJzbGlkZXNob3ciOiJhMjIzOWY3In0%3D\">\n\t\t\t\t\t<div class=\"e-gallery-image elementor-gallery-item__image\" data-thumbnail=\"https:\/\/www.jtenovuo.com\/wp-content\/uploads\/2024\/04\/contactme3.jpg\" data-width=\"400\" data-height=\"300\" aria-label=\"\" role=\"img\" ><\/div>\n\t\t\t\t\t\t\t\t\t\t\t<div class=\"elementor-gallery-item__overlay\"><\/div>\n\t\t\t\t\t\t\t\t\t\t\t\t\t\t<\/a>\n\t\t\t\t\t<\/div>\n\t\t\t\t\t<\/div>\n\t\t\t\t<\/div>\n\t\t\t\t\t<\/div>\n\t\t\t\t<\/div>\n\t\t\t\t<\/div>\n\t\t","protected":false},"excerpt":{"rendered":"<p>jorma.tenovuo@uto.fi +358 50 596 0665 Ut\u00f6n kyl\u00e4tie 21FI-21740 Ut\u00f6 Finland Contact me if you want to use my pictures:jorma.tenovuo@uto.fi<\/p>\n","protected":false},"author":1,"featured_media":30054,"parent":0,"menu_order":0,"comment_status":"closed","ping_status":"closed","template":"elementor_header_footer","meta":{"footnotes":""},"class_list":["post-30074","page","type-page","status-publish","has-post-thumbnail","hentry"],"yoast_head":"<!-- This site is optimized with the Yoast SEO plugin v27.3 - https:\/\/yoast.com\/product\/yoast-seo-wordpress\/ -->\n<title>Contact me - Jorma Tenovuo<\/title>\n<meta name=\"robots\" content=\"index, follow, max-snippet:-1, max-image-preview:large, max-video-preview:-1\" \/>\n<link rel=\"canonical\" href=\"https:\/\/www.jtenovuo.com\/en\/contact-me\/\" \/>\n<meta property=\"og:locale\" content=\"en_US\" \/>\n<meta property=\"og:type\" content=\"article\" \/>\n<meta property=\"og:title\" content=\"Contact me - Jorma Tenovuo\" \/>\n<meta property=\"og:description\" content=\"jorma.tenovuo@uto.fi +358 50 596 0665 Ut\u00f6n kyl\u00e4tie 21FI-21740 Ut\u00f6 Finland Contact me if you want to use my pictures:jorma.tenovuo@uto.fi\" \/>\n<meta property=\"og:url\" content=\"https:\/\/www.jtenovuo.com\/en\/contact-me\/\" \/>\n<meta property=\"og:site_name\" content=\"Jorma Tenovuo\" \/>\n<meta property=\"article:modified_time\" content=\"2024-04-25T13:13:40+00:00\" \/>\n<meta property=\"og:image\" content=\"https:\/\/www.jtenovuo.com\/wp-content\/uploads\/2024\/04\/yhteydenotto1.jpg\" \/>\n\t<meta property=\"og:image:width\" content=\"1920\" \/>\n\t<meta property=\"og:image:height\" content=\"770\" \/>\n\t<meta property=\"og:image:type\" content=\"image\/jpeg\" \/>\n<meta name=\"twitter:card\" content=\"summary_large_image\" \/>\n<meta name=\"twitter:label1\" content=\"Est. reading time\" \/>\n\t<meta name=\"twitter:data1\" content=\"1 minute\" \/>\n<script type=\"application\/ld+json\" class=\"yoast-schema-graph\">{\"@context\":\"https:\\\/\\\/schema.org\",\"@graph\":[{\"@type\":\"WebPage\",\"@id\":\"https:\\\/\\\/www.jtenovuo.com\\\/en\\\/contact-me\\\/\",\"url\":\"https:\\\/\\\/www.jtenovuo.com\\\/en\\\/contact-me\\\/\",\"name\":\"Contact me - Jorma Tenovuo\",\"isPartOf\":{\"@id\":\"https:\\\/\\\/www.jtenovuo.com\\\/en\\\/#website\"},\"primaryImageOfPage\":{\"@id\":\"https:\\\/\\\/www.jtenovuo.com\\\/en\\\/contact-me\\\/#primaryimage\"},\"image\":{\"@id\":\"https:\\\/\\\/www.jtenovuo.com\\\/en\\\/contact-me\\\/#primaryimage\"},\"thumbnailUrl\":\"https:\\\/\\\/www.jtenovuo.com\\\/wp-content\\\/uploads\\\/2024\\\/04\\\/yhteydenotto1.jpg\",\"datePublished\":\"2024-04-08T14:06:58+00:00\",\"dateModified\":\"2024-04-25T13:13:40+00:00\",\"breadcrumb\":{\"@id\":\"https:\\\/\\\/www.jtenovuo.com\\\/en\\\/contact-me\\\/#breadcrumb\"},\"inLanguage\":\"en-US\",\"potentialAction\":[{\"@type\":\"ReadAction\",\"target\":[\"https:\\\/\\\/www.jtenovuo.com\\\/en\\\/contact-me\\\/\"]}]},{\"@type\":\"ImageObject\",\"inLanguage\":\"en-US\",\"@id\":\"https:\\\/\\\/www.jtenovuo.com\\\/en\\\/contact-me\\\/#primaryimage\",\"url\":\"https:\\\/\\\/www.jtenovuo.com\\\/wp-content\\\/uploads\\\/2024\\\/04\\\/yhteydenotto1.jpg\",\"contentUrl\":\"https:\\\/\\\/www.jtenovuo.com\\\/wp-content\\\/uploads\\\/2024\\\/04\\\/yhteydenotto1.jpg\",\"width\":1920,\"height\":770},{\"@type\":\"BreadcrumbList\",\"@id\":\"https:\\\/\\\/www.jtenovuo.com\\\/en\\\/contact-me\\\/#breadcrumb\",\"itemListElement\":[{\"@type\":\"ListItem\",\"position\":1,\"name\":\"Etusivu\",\"item\":\"https:\\\/\\\/www.jtenovuo.com\\\/en\\\/\"},{\"@type\":\"ListItem\",\"position\":2,\"name\":\"Contact me\"}]},{\"@type\":\"WebSite\",\"@id\":\"https:\\\/\\\/www.jtenovuo.com\\\/en\\\/#website\",\"url\":\"https:\\\/\\\/www.jtenovuo.com\\\/en\\\/\",\"name\":\"Jorma Tenovuo\",\"description\":\"Aktiivinen lintuharrastaja ja lintukuvaaja Paraisten Ut\u00f6st\u00e4\",\"publisher\":{\"@id\":\"https:\\\/\\\/www.jtenovuo.com\\\/en\\\/#organization\"},\"potentialAction\":[{\"@type\":\"SearchAction\",\"target\":{\"@type\":\"EntryPoint\",\"urlTemplate\":\"https:\\\/\\\/www.jtenovuo.com\\\/en\\\/?s={search_term_string}\"},\"query-input\":{\"@type\":\"PropertyValueSpecification\",\"valueRequired\":true,\"valueName\":\"search_term_string\"}}],\"inLanguage\":\"en-US\"},{\"@type\":\"Organization\",\"@id\":\"https:\\\/\\\/www.jtenovuo.com\\\/en\\\/#organization\",\"name\":\"Jorma Tenovuo\",\"url\":\"https:\\\/\\\/www.jtenovuo.com\\\/en\\\/\",\"logo\":{\"@type\":\"ImageObject\",\"inLanguage\":\"en-US\",\"@id\":\"https:\\\/\\\/www.jtenovuo.com\\\/en\\\/#\\\/schema\\\/logo\\\/image\\\/\",\"url\":\"https:\\\/\\\/www.jtenovuo.com\\\/wp-content\\\/uploads\\\/2022\\\/02\\\/jte-logo.svg\",\"contentUrl\":\"https:\\\/\\\/www.jtenovuo.com\\\/wp-content\\\/uploads\\\/2022\\\/02\\\/jte-logo.svg\",\"width\":166.59,\"height\":70.505,\"caption\":\"Jorma Tenovuo\"},\"image\":{\"@id\":\"https:\\\/\\\/www.jtenovuo.com\\\/en\\\/#\\\/schema\\\/logo\\\/image\\\/\"}}]}<\/script>\n<!-- \/ Yoast SEO plugin. -->","yoast_head_json":{"title":"Contact me - Jorma Tenovuo","robots":{"index":"index","follow":"follow","max-snippet":"max-snippet:-1","max-image-preview":"max-image-preview:large","max-video-preview":"max-video-preview:-1"},"canonical":"https:\/\/www.jtenovuo.com\/en\/contact-me\/","og_locale":"en_US","og_type":"article","og_title":"Contact me - Jorma Tenovuo","og_description":"jorma.tenovuo@uto.fi +358 50 596 0665 Ut\u00f6n kyl\u00e4tie 21FI-21740 Ut\u00f6 Finland Contact me if you want to use my pictures:jorma.tenovuo@uto.fi","og_url":"https:\/\/www.jtenovuo.com\/en\/contact-me\/","og_site_name":"Jorma Tenovuo","article_modified_time":"2024-04-25T13:13:40+00:00","og_image":[{"width":1920,"height":770,"url":"https:\/\/www.jtenovuo.com\/wp-content\/uploads\/2024\/04\/yhteydenotto1.jpg","type":"image\/jpeg"}],"twitter_card":"summary_large_image","twitter_misc":{"Est. reading time":"1 minute"},"schema":{"@context":"https:\/\/schema.org","@graph":[{"@type":"WebPage","@id":"https:\/\/www.jtenovuo.com\/en\/contact-me\/","url":"https:\/\/www.jtenovuo.com\/en\/contact-me\/","name":"Contact me - Jorma Tenovuo","isPartOf":{"@id":"https:\/\/www.jtenovuo.com\/en\/#website"},"primaryImageOfPage":{"@id":"https:\/\/www.jtenovuo.com\/en\/contact-me\/#primaryimage"},"image":{"@id":"https:\/\/www.jtenovuo.com\/en\/contact-me\/#primaryimage"},"thumbnailUrl":"https:\/\/www.jtenovuo.com\/wp-content\/uploads\/2024\/04\/yhteydenotto1.jpg","datePublished":"2024-04-08T14:06:58+00:00","dateModified":"2024-04-25T13:13:40+00:00","breadcrumb":{"@id":"https:\/\/www.jtenovuo.com\/en\/contact-me\/#breadcrumb"},"inLanguage":"en-US","potentialAction":[{"@type":"ReadAction","target":["https:\/\/www.jtenovuo.com\/en\/contact-me\/"]}]},{"@type":"ImageObject","inLanguage":"en-US","@id":"https:\/\/www.jtenovuo.com\/en\/contact-me\/#primaryimage","url":"https:\/\/www.jtenovuo.com\/wp-content\/uploads\/2024\/04\/yhteydenotto1.jpg","contentUrl":"https:\/\/www.jtenovuo.com\/wp-content\/uploads\/2024\/04\/yhteydenotto1.jpg","width":1920,"height":770},{"@type":"BreadcrumbList","@id":"https:\/\/www.jtenovuo.com\/en\/contact-me\/#breadcrumb","itemListElement":[{"@type":"ListItem","position":1,"name":"Etusivu","item":"https:\/\/www.jtenovuo.com\/en\/"},{"@type":"ListItem","position":2,"name":"Contact me"}]},{"@type":"WebSite","@id":"https:\/\/www.jtenovuo.com\/en\/#website","url":"https:\/\/www.jtenovuo.com\/en\/","name":"Jorma Tenovuo","description":"Aktiivinen lintuharrastaja ja lintukuvaaja Paraisten Ut\u00f6st\u00e4","publisher":{"@id":"https:\/\/www.jtenovuo.com\/en\/#organization"},"potentialAction":[{"@type":"SearchAction","target":{"@type":"EntryPoint","urlTemplate":"https:\/\/www.jtenovuo.com\/en\/?s={search_term_string}"},"query-input":{"@type":"PropertyValueSpecification","valueRequired":true,"valueName":"search_term_string"}}],"inLanguage":"en-US"},{"@type":"Organization","@id":"https:\/\/www.jtenovuo.com\/en\/#organization","name":"Jorma Tenovuo","url":"https:\/\/www.jtenovuo.com\/en\/","logo":{"@type":"ImageObject","inLanguage":"en-US","@id":"https:\/\/www.jtenovuo.com\/en\/#\/schema\/logo\/image\/","url":"https:\/\/www.jtenovuo.com\/wp-content\/uploads\/2022\/02\/jte-logo.svg","contentUrl":"https:\/\/www.jtenovuo.com\/wp-content\/uploads\/2022\/02\/jte-logo.svg","width":166.59,"height":70.505,"caption":"Jorma Tenovuo"},"image":{"@id":"https:\/\/www.jtenovuo.com\/en\/#\/schema\/logo\/image\/"}}]}},"_links":{"self":[{"href":"https:\/\/www.jtenovuo.com\/en\/wp-json\/wp\/v2\/pages\/30074","targetHints":{"allow":["GET"]}}],"collection":[{"href":"https:\/\/www.jtenovuo.com\/en\/wp-json\/wp\/v2\/pages"}],"about":[{"href":"https:\/\/www.jtenovuo.com\/en\/wp-json\/wp\/v2\/types\/page"}],"author":[{"embeddable":true,"href":"https:\/\/www.jtenovuo.com\/en\/wp-json\/wp\/v2\/users\/1"}],"replies":[{"embeddable":true,"href":"https:\/\/www.jtenovuo.com\/en\/wp-json\/wp\/v2\/comments?post=30074"}],"version-history":[{"count":6,"href":"https:\/\/www.jtenovuo.com\/en\/wp-json\/wp\/v2\/pages\/30074\/revisions"}],"predecessor-version":[{"id":30151,"href":"https:\/\/www.jtenovuo.com\/en\/wp-json\/wp\/v2\/pages\/30074\/revisions\/30151"}],"wp:featuredmedia":[{"embeddable":true,"href":"https:\/\/www.jtenovuo.com\/en\/wp-json\/wp\/v2\/media\/30054"}],"wp:attachment":[{"href":"https:\/\/www.jtenovuo.com\/en\/wp-json\/wp\/v2\/media?parent=30074"}],"curies":[{"name":"wp","href":"https:\/\/api.w.org\/{rel}","templated":true}]}}