{"id":30090,"date":"2022-02-01T06:58:23","date_gmt":"2022-02-01T04:58:23","guid":{"rendered":"https:\/\/jormatenovuo.sivustamo.dev\/home\/"},"modified":"2024-04-24T14:22:13","modified_gmt":"2024-04-24T11:22:13","slug":"home","status":"publish","type":"page","link":"https:\/\/www.jtenovuo.com\/en\/","title":{"rendered":"Home"},"content":{"rendered":"\t\t<div data-elementor-type=\"wp-page\" data-elementor-id=\"30090\" class=\"elementor elementor-30090 elementor-2\" data-elementor-post-type=\"page\">\n\t\t\t\t<div class=\"elementor-element elementor-element-cc17b74 e-con-full e-flex e-con e-parent\" data-id=\"cc17b74\" data-element_type=\"container\" data-e-type=\"container\" data-settings=\"{&quot;jet_parallax_layout_list&quot;:[]}\">\n\t\t<div class=\"elementor-element elementor-element-656a7c2 e-con-full e-flex e-con e-child\" data-id=\"656a7c2\" data-element_type=\"container\" data-e-type=\"container\" data-settings=\"{&quot;jet_parallax_layout_list&quot;:[],&quot;background_background&quot;:&quot;classic&quot;}\">\n\t\t\t\t<\/div>\n\t\t<div class=\"elementor-element elementor-element-1344138 e-con-full e-flex e-con e-child\" data-id=\"1344138\" data-element_type=\"container\" data-e-type=\"container\" data-settings=\"{&quot;jet_parallax_layout_list&quot;:[]}\">\n\t\t<a class=\"elementor-element elementor-element-ab39a8a e-con-full e-transform e-flex e-con e-child\" data-id=\"ab39a8a\" data-element_type=\"container\" data-e-type=\"container\" data-settings=\"{&quot;jet_parallax_layout_list&quot;:[],&quot;background_background&quot;:&quot;classic&quot;,&quot;_transform_scale_effect_hover&quot;:{&quot;unit&quot;:&quot;px&quot;,&quot;size&quot;:0.97,&quot;sizes&quot;:[]},&quot;_transform_scale_effect_hover_laptop&quot;:{&quot;unit&quot;:&quot;px&quot;,&quot;size&quot;:&quot;&quot;,&quot;sizes&quot;:[]},&quot;_transform_scale_effect_hover_tablet&quot;:{&quot;unit&quot;:&quot;px&quot;,&quot;size&quot;:&quot;&quot;,&quot;sizes&quot;:[]},&quot;_transform_scale_effect_hover_mobile&quot;:{&quot;unit&quot;:&quot;px&quot;,&quot;size&quot;:&quot;&quot;,&quot;sizes&quot;:[]}}\" href=\"https:\/\/jtenovuo.1g.fi\/kuvat\/UUSIMMAT+-+LATEST+PHOTOS\/\" target=\"_blank\">\n\t\t\t\t<div class=\"elementor-element elementor-element-ccf2a7f elementor-widget elementor-widget-heading\" data-id=\"ccf2a7f\" data-element_type=\"widget\" data-e-type=\"widget\" data-widget_type=\"heading.default\">\n\t\t\t\t<div class=\"elementor-widget-container\">\n\t\t\t\t\t<h2 class=\"elementor-heading-title elementor-size-default\">Latest<\/h2>\t\t\t\t<\/div>\n\t\t\t\t<\/div>\n\t\t\t\t<\/a>\n\t\t<a class=\"elementor-element elementor-element-d3e468e e-con-full e-transform e-flex e-con e-child\" data-id=\"d3e468e\" data-element_type=\"container\" data-e-type=\"container\" data-settings=\"{&quot;jet_parallax_layout_list&quot;:[],&quot;background_background&quot;:&quot;classic&quot;,&quot;_transform_scale_effect_hover&quot;:{&quot;unit&quot;:&quot;px&quot;,&quot;size&quot;:0.97,&quot;sizes&quot;:[]},&quot;_transform_scale_effect_hover_laptop&quot;:{&quot;unit&quot;:&quot;px&quot;,&quot;size&quot;:&quot;&quot;,&quot;sizes&quot;:[]},&quot;_transform_scale_effect_hover_tablet&quot;:{&quot;unit&quot;:&quot;px&quot;,&quot;size&quot;:&quot;&quot;,&quot;sizes&quot;:[]},&quot;_transform_scale_effect_hover_mobile&quot;:{&quot;unit&quot;:&quot;px&quot;,&quot;size&quot;:&quot;&quot;,&quot;sizes&quot;:[]}}\" href=\"https:\/\/jtenovuo.1g.fi\/kuvat\/OMAT+SUOSIKIT+-+OWN+FAVOURITES\/\" target=\"_blank\">\n\t\t\t\t<div class=\"elementor-element elementor-element-66c1c87 elementor-widget elementor-widget-heading\" data-id=\"66c1c87\" data-element_type=\"widget\" data-e-type=\"widget\" data-widget_type=\"heading.default\">\n\t\t\t\t<div class=\"elementor-widget-container\">\n\t\t\t\t\t<h2 class=\"elementor-heading-title elementor-size-default\">Own favorites<\/h2>\t\t\t\t<\/div>\n\t\t\t\t<\/div>\n\t\t\t\t<\/a>\n\t\t\t\t<\/div>\n\t\t\t\t<\/div>\n\t\t\t\t<\/div>\n\t\t","protected":false},"excerpt":{"rendered":"<p>Latest Own favorites<\/p>\n","protected":false},"author":1,"featured_media":16836,"parent":0,"menu_order":0,"comment_status":"closed","ping_status":"open","template":"","meta":{"footnotes":""},"class_list":["post-30090","page","type-page","status-publish","has-post-thumbnail","hentry"],"yoast_head":"<!-- This site is optimized with the Yoast SEO plugin v27.5 - https:\/\/yoast.com\/product\/yoast-seo-wordpress\/ -->\n<title>Jorma Tenovuo - Aktiivinen lintuharrastaja ja lintukuvaaja Paraisten Ut\u00f6st\u00e4<\/title>\n<meta name=\"description\" content=\"Active birdwatcher and bird photographer from Ut\u00f6 in Pargas, with over 50 years of experience. (One of the founding members of the Turku Ornithological Society)\" \/>\n<meta name=\"robots\" content=\"index, follow, max-snippet:-1, max-image-preview:large, max-video-preview:-1\" \/>\n<link rel=\"canonical\" href=\"https:\/\/www.jtenovuo.com\/en\/\" \/>\n<meta property=\"og:locale\" content=\"en_US\" \/>\n<meta property=\"og:type\" content=\"article\" \/>\n<meta property=\"og:title\" content=\"Jorma Tenovuo - Aktiivinen lintuharrastaja ja lintukuvaaja Paraisten Ut\u00f6st\u00e4\" \/>\n<meta property=\"og:description\" content=\"Active birdwatcher and bird photographer from Ut\u00f6 in Pargas, with over 50 years of experience. (One of the founding members of the Turku Ornithological Society)\" \/>\n<meta property=\"og:url\" content=\"https:\/\/www.jtenovuo.com\/en\/\" \/>\n<meta property=\"og:site_name\" content=\"Jorma Tenovuo\" \/>\n<meta property=\"article:modified_time\" content=\"2024-04-24T11:22:13+00:00\" \/>\n<meta property=\"og:image\" content=\"https:\/\/www.jtenovuo.com\/wp-content\/uploads\/2024\/04\/jtenovuo-1024x769.jpg\" \/>\n<meta name=\"twitter:card\" content=\"summary_large_image\" \/>\n<meta name=\"twitter:title\" content=\"Jorma Tenovuo - Aktiivinen lintuharrastaja ja lintukuvaaja Paraisten Ut\u00f6st\u00e4\" \/>\n<meta name=\"twitter:description\" content=\"Active birdwatcher and bird photographer from Ut\u00f6 in Pargas, with over 50 years of experience. (One of the founding members of the Turku Ornithological Society)\" \/>\n<meta name=\"twitter:image\" content=\"https:\/\/www.jtenovuo.com\/wp-content\/uploads\/2024\/04\/jtenovuo-1024x769.jpg\" \/>\n<script type=\"application\/ld+json\" class=\"yoast-schema-graph\">{\"@context\":\"https:\\\/\\\/schema.org\",\"@graph\":[{\"@type\":\"WebPage\",\"@id\":\"https:\\\/\\\/www.jtenovuo.com\\\/en\\\/\",\"url\":\"https:\\\/\\\/www.jtenovuo.com\\\/en\\\/\",\"name\":\"Jorma Tenovuo - Aktiivinen lintuharrastaja ja lintukuvaaja Paraisten Ut\u00f6st\u00e4\",\"isPartOf\":{\"@id\":\"https:\\\/\\\/www.jtenovuo.com\\\/en\\\/#website\"},\"primaryImageOfPage\":{\"@id\":\"https:\\\/\\\/www.jtenovuo.com\\\/en\\\/#primaryimage\"},\"image\":{\"@id\":\"https:\\\/\\\/www.jtenovuo.com\\\/en\\\/#primaryimage\"},\"thumbnailUrl\":\"https:\\\/\\\/www.jtenovuo.com\\\/wp-content\\\/uploads\\\/2022\\\/02\\\/jte-favicon.svg\",\"datePublished\":\"2022-02-01T04:58:23+00:00\",\"dateModified\":\"2024-04-24T11:22:13+00:00\",\"description\":\"Active birdwatcher and bird photographer from Ut\u00f6 in Pargas, with over 50 years of experience. (One of the founding members of the Turku Ornithological Society)\",\"breadcrumb\":{\"@id\":\"https:\\\/\\\/www.jtenovuo.com\\\/en\\\/#breadcrumb\"},\"inLanguage\":\"en-US\",\"potentialAction\":[{\"@type\":\"ReadAction\",\"target\":[\"https:\\\/\\\/www.jtenovuo.com\\\/en\\\/\"]}]},{\"@type\":\"ImageObject\",\"inLanguage\":\"en-US\",\"@id\":\"https:\\\/\\\/www.jtenovuo.com\\\/en\\\/#primaryimage\",\"url\":\"https:\\\/\\\/www.jtenovuo.com\\\/wp-content\\\/uploads\\\/2022\\\/02\\\/jte-favicon.svg\",\"contentUrl\":\"https:\\\/\\\/www.jtenovuo.com\\\/wp-content\\\/uploads\\\/2022\\\/02\\\/jte-favicon.svg\",\"width\":113.2,\"height\":113.2},{\"@type\":\"BreadcrumbList\",\"@id\":\"https:\\\/\\\/www.jtenovuo.com\\\/en\\\/#breadcrumb\",\"itemListElement\":[{\"@type\":\"ListItem\",\"position\":1,\"name\":\"Etusivu\",\"item\":\"https:\\\/\\\/www.jtenovuo.com\\\/en\\\/\"},{\"@type\":\"ListItem\",\"position\":2,\"name\":\"Home\"}]},{\"@type\":\"WebSite\",\"@id\":\"https:\\\/\\\/www.jtenovuo.com\\\/en\\\/#website\",\"url\":\"https:\\\/\\\/www.jtenovuo.com\\\/en\\\/\",\"name\":\"Jorma Tenovuo\",\"description\":\"Aktiivinen lintuharrastaja ja lintukuvaaja Paraisten Ut\u00f6st\u00e4\",\"publisher\":{\"@id\":\"https:\\\/\\\/www.jtenovuo.com\\\/en\\\/#organization\"},\"potentialAction\":[{\"@type\":\"SearchAction\",\"target\":{\"@type\":\"EntryPoint\",\"urlTemplate\":\"https:\\\/\\\/www.jtenovuo.com\\\/en\\\/?s={search_term_string}\"},\"query-input\":{\"@type\":\"PropertyValueSpecification\",\"valueRequired\":true,\"valueName\":\"search_term_string\"}}],\"inLanguage\":\"en-US\"},{\"@type\":\"Organization\",\"@id\":\"https:\\\/\\\/www.jtenovuo.com\\\/en\\\/#organization\",\"name\":\"Jorma Tenovuo\",\"url\":\"https:\\\/\\\/www.jtenovuo.com\\\/en\\\/\",\"logo\":{\"@type\":\"ImageObject\",\"inLanguage\":\"en-US\",\"@id\":\"https:\\\/\\\/www.jtenovuo.com\\\/en\\\/#\\\/schema\\\/logo\\\/image\\\/\",\"url\":\"https:\\\/\\\/www.jtenovuo.com\\\/wp-content\\\/uploads\\\/2022\\\/02\\\/jte-logo.svg\",\"contentUrl\":\"https:\\\/\\\/www.jtenovuo.com\\\/wp-content\\\/uploads\\\/2022\\\/02\\\/jte-logo.svg\",\"width\":166.59,\"height\":70.505,\"caption\":\"Jorma Tenovuo\"},\"image\":{\"@id\":\"https:\\\/\\\/www.jtenovuo.com\\\/en\\\/#\\\/schema\\\/logo\\\/image\\\/\"}}]}<\/script>\n<!-- \/ Yoast SEO plugin. -->","yoast_head_json":{"title":"Jorma Tenovuo - Aktiivinen lintuharrastaja ja lintukuvaaja Paraisten Ut\u00f6st\u00e4","description":"Active birdwatcher and bird photographer from Ut\u00f6 in Pargas, with over 50 years of experience. (One of the founding members of the Turku Ornithological Society)","robots":{"index":"index","follow":"follow","max-snippet":"max-snippet:-1","max-image-preview":"max-image-preview:large","max-video-preview":"max-video-preview:-1"},"canonical":"https:\/\/www.jtenovuo.com\/en\/","og_locale":"en_US","og_type":"article","og_title":"Jorma Tenovuo - Aktiivinen lintuharrastaja ja lintukuvaaja Paraisten Ut\u00f6st\u00e4","og_description":"Active birdwatcher and bird photographer from Ut\u00f6 in Pargas, with over 50 years of experience. (One of the founding members of the Turku Ornithological Society)","og_url":"https:\/\/www.jtenovuo.com\/en\/","og_site_name":"Jorma Tenovuo","article_modified_time":"2024-04-24T11:22:13+00:00","og_image":[{"url":"https:\/\/www.jtenovuo.com\/wp-content\/uploads\/2024\/04\/jtenovuo-1024x769.jpg","type":"","width":"","height":""}],"twitter_card":"summary_large_image","twitter_title":"Jorma Tenovuo - Aktiivinen lintuharrastaja ja lintukuvaaja Paraisten Ut\u00f6st\u00e4","twitter_description":"Active birdwatcher and bird photographer from Ut\u00f6 in Pargas, with over 50 years of experience. (One of the founding members of the Turku Ornithological Society)","twitter_image":"https:\/\/www.jtenovuo.com\/wp-content\/uploads\/2024\/04\/jtenovuo-1024x769.jpg","schema":{"@context":"https:\/\/schema.org","@graph":[{"@type":"WebPage","@id":"https:\/\/www.jtenovuo.com\/en\/","url":"https:\/\/www.jtenovuo.com\/en\/","name":"Jorma Tenovuo - Aktiivinen lintuharrastaja ja lintukuvaaja Paraisten Ut\u00f6st\u00e4","isPartOf":{"@id":"https:\/\/www.jtenovuo.com\/en\/#website"},"primaryImageOfPage":{"@id":"https:\/\/www.jtenovuo.com\/en\/#primaryimage"},"image":{"@id":"https:\/\/www.jtenovuo.com\/en\/#primaryimage"},"thumbnailUrl":"https:\/\/www.jtenovuo.com\/wp-content\/uploads\/2022\/02\/jte-favicon.svg","datePublished":"2022-02-01T04:58:23+00:00","dateModified":"2024-04-24T11:22:13+00:00","description":"Active birdwatcher and bird photographer from Ut\u00f6 in Pargas, with over 50 years of experience. (One of the founding members of the Turku Ornithological Society)","breadcrumb":{"@id":"https:\/\/www.jtenovuo.com\/en\/#breadcrumb"},"inLanguage":"en-US","potentialAction":[{"@type":"ReadAction","target":["https:\/\/www.jtenovuo.com\/en\/"]}]},{"@type":"ImageObject","inLanguage":"en-US","@id":"https:\/\/www.jtenovuo.com\/en\/#primaryimage","url":"https:\/\/www.jtenovuo.com\/wp-content\/uploads\/2022\/02\/jte-favicon.svg","contentUrl":"https:\/\/www.jtenovuo.com\/wp-content\/uploads\/2022\/02\/jte-favicon.svg","width":113.2,"height":113.2},{"@type":"BreadcrumbList","@id":"https:\/\/www.jtenovuo.com\/en\/#breadcrumb","itemListElement":[{"@type":"ListItem","position":1,"name":"Etusivu","item":"https:\/\/www.jtenovuo.com\/en\/"},{"@type":"ListItem","position":2,"name":"Home"}]},{"@type":"WebSite","@id":"https:\/\/www.jtenovuo.com\/en\/#website","url":"https:\/\/www.jtenovuo.com\/en\/","name":"Jorma Tenovuo","description":"Aktiivinen lintuharrastaja ja lintukuvaaja Paraisten Ut\u00f6st\u00e4","publisher":{"@id":"https:\/\/www.jtenovuo.com\/en\/#organization"},"potentialAction":[{"@type":"SearchAction","target":{"@type":"EntryPoint","urlTemplate":"https:\/\/www.jtenovuo.com\/en\/?s={search_term_string}"},"query-input":{"@type":"PropertyValueSpecification","valueRequired":true,"valueName":"search_term_string"}}],"inLanguage":"en-US"},{"@type":"Organization","@id":"https:\/\/www.jtenovuo.com\/en\/#organization","name":"Jorma Tenovuo","url":"https:\/\/www.jtenovuo.com\/en\/","logo":{"@type":"ImageObject","inLanguage":"en-US","@id":"https:\/\/www.jtenovuo.com\/en\/#\/schema\/logo\/image\/","url":"https:\/\/www.jtenovuo.com\/wp-content\/uploads\/2022\/02\/jte-logo.svg","contentUrl":"https:\/\/www.jtenovuo.com\/wp-content\/uploads\/2022\/02\/jte-logo.svg","width":166.59,"height":70.505,"caption":"Jorma Tenovuo"},"image":{"@id":"https:\/\/www.jtenovuo.com\/en\/#\/schema\/logo\/image\/"}}]}},"_links":{"self":[{"href":"https:\/\/www.jtenovuo.com\/en\/wp-json\/wp\/v2\/pages\/30090","targetHints":{"allow":["GET"]}}],"collection":[{"href":"https:\/\/www.jtenovuo.com\/en\/wp-json\/wp\/v2\/pages"}],"about":[{"href":"https:\/\/www.jtenovuo.com\/en\/wp-json\/wp\/v2\/types\/page"}],"author":[{"embeddable":true,"href":"https:\/\/www.jtenovuo.com\/en\/wp-json\/wp\/v2\/users\/1"}],"replies":[{"embeddable":true,"href":"https:\/\/www.jtenovuo.com\/en\/wp-json\/wp\/v2\/comments?post=30090"}],"version-history":[{"count":3,"href":"https:\/\/www.jtenovuo.com\/en\/wp-json\/wp\/v2\/pages\/30090\/revisions"}],"predecessor-version":[{"id":30093,"href":"https:\/\/www.jtenovuo.com\/en\/wp-json\/wp\/v2\/pages\/30090\/revisions\/30093"}],"wp:featuredmedia":[{"embeddable":true,"href":"https:\/\/www.jtenovuo.com\/en\/wp-json\/wp\/v2\/media\/16836"}],"wp:attachment":[{"href":"https:\/\/www.jtenovuo.com\/en\/wp-json\/wp\/v2\/media?parent=30090"}],"curies":[{"name":"wp","href":"https:\/\/api.w.org\/{rel}","templated":true}]}}