{"id":30094,"date":"2024-04-09T02:09:20","date_gmt":"2024-04-08T23:09:20","guid":{"rendered":"https:\/\/jormatenovuo.sivustamo.dev\/birds-cv\/"},"modified":"2026-03-25T17:57:04","modified_gmt":"2026-03-25T15:57:04","slug":"birds-cv","status":"publish","type":"page","link":"https:\/\/www.jtenovuo.com\/en\/birds-cv\/","title":{"rendered":"Birds CV"},"content":{"rendered":"\t\t<div data-elementor-type=\"wp-page\" data-elementor-id=\"30094\" class=\"elementor elementor-30094 elementor-383\" data-elementor-post-type=\"page\">\n\t\t\t\t<div class=\"elementor-element elementor-element-1a475c3 e-con-full e-flex e-con e-parent\" data-id=\"1a475c3\" data-element_type=\"container\" data-e-type=\"container\" data-settings=\"{&quot;jet_parallax_layout_list&quot;:[]}\">\n\t\t\t\t<div class=\"elementor-element elementor-element-12bb55e elementor-widget elementor-widget-shortcode\" data-id=\"12bb55e\" data-element_type=\"widget\" data-e-type=\"widget\" data-widget_type=\"shortcode.default\">\n\t\t\t\t<div class=\"elementor-widget-container\">\n\t\t\t\t\t\t\t<div class=\"elementor-shortcode\">\t\t<div data-elementor-type=\"section\" data-elementor-id=\"303\" class=\"elementor elementor-303\" data-elementor-post-type=\"elementor_library\">\n\t\t\t<div class=\"elementor-element elementor-element-28fa08f e-flex e-con-boxed e-con e-parent\" data-id=\"28fa08f\" data-element_type=\"container\" data-e-type=\"container\" data-settings=\"{&quot;background_background&quot;:&quot;classic&quot;,&quot;jet_parallax_layout_list&quot;:[]}\">\n\t\t\t\t\t<div class=\"e-con-inner\">\n\t\t\t\t\t<\/div>\n\t\t\t\t<\/div>\n\t\t\t\t<\/div>\n\t\t<\/div>\n\t\t\t\t\t\t<\/div>\n\t\t\t\t<\/div>\n\t\t\t\t<\/div>\n\t\t<div class=\"elementor-element elementor-element-d22f041 osiomargin e-flex e-con-boxed e-con e-parent\" data-id=\"d22f041\" data-element_type=\"container\" data-e-type=\"container\" data-settings=\"{&quot;jet_parallax_layout_list&quot;:[]}\">\n\t\t\t\t\t<div class=\"e-con-inner\">\n\t\t\t\t<div class=\"elementor-element elementor-element-4430899 elementor-widget elementor-widget-gallery\" data-id=\"4430899\" data-element_type=\"widget\" data-e-type=\"widget\" data-settings=\"{&quot;gallery_layout&quot;:&quot;masonry&quot;,&quot;gap&quot;:{&quot;unit&quot;:&quot;px&quot;,&quot;size&quot;:20,&quot;sizes&quot;:[]},&quot;lazyload&quot;:&quot;yes&quot;,&quot;columns&quot;:4,&quot;columns_tablet&quot;:2,&quot;columns_mobile&quot;:1,&quot;gap_laptop&quot;:{&quot;unit&quot;:&quot;px&quot;,&quot;size&quot;:10,&quot;sizes&quot;:[]},&quot;gap_tablet&quot;:{&quot;unit&quot;:&quot;px&quot;,&quot;size&quot;:10,&quot;sizes&quot;:[]},&quot;gap_mobile&quot;:{&quot;unit&quot;:&quot;px&quot;,&quot;size&quot;:10,&quot;sizes&quot;:[]},&quot;link_to&quot;:&quot;file&quot;,&quot;overlay_background&quot;:&quot;yes&quot;,&quot;content_hover_animation&quot;:&quot;fade-in&quot;}\" data-widget_type=\"gallery.default\">\n\t\t\t\t<div class=\"elementor-widget-container\">\n\t\t\t\t\t\t\t<div class=\"elementor-gallery__container\">\n\t\t\t\t\t\t\t<a class=\"e-gallery-item elementor-gallery-item elementor-animated-content\" href=\"https:\/\/www.jtenovuo.com\/wp-content\/uploads\/2024\/04\/birdscv2.jpg\" data-elementor-open-lightbox=\"yes\" data-elementor-lightbox-slideshow=\"4430899\" data-elementor-lightbox-title=\"birdscv2\" data-e-action-hash=\"#elementor-action%3Aaction%3Dlightbox%26settings%3DeyJpZCI6MTY4NDIsInVybCI6Imh0dHBzOlwvXC93d3cuanRlbm92dW8uY29tXC93cC1jb250ZW50XC91cGxvYWRzXC8yMDI0XC8wNFwvYmlyZHNjdjIuanBnIiwic2xpZGVzaG93IjoiNDQzMDg5OSJ9\">\n\t\t\t\t\t<div class=\"e-gallery-image elementor-gallery-item__image\" data-thumbnail=\"https:\/\/www.jtenovuo.com\/wp-content\/uploads\/2024\/04\/birdscv2.jpg\" data-width=\"400\" data-height=\"300\" aria-label=\"\" role=\"img\" ><\/div>\n\t\t\t\t\t\t\t\t\t\t\t<div class=\"elementor-gallery-item__overlay\"><\/div>\n\t\t\t\t\t\t\t\t\t\t\t\t\t\t<\/a>\n\t\t\t\t\t\t\t<a class=\"e-gallery-item elementor-gallery-item elementor-animated-content\" href=\"https:\/\/www.jtenovuo.com\/wp-content\/uploads\/2024\/04\/birdscv1.jpg\" data-elementor-open-lightbox=\"yes\" data-elementor-lightbox-slideshow=\"4430899\" data-elementor-lightbox-title=\"birdscv1\" data-e-action-hash=\"#elementor-action%3Aaction%3Dlightbox%26settings%3DeyJpZCI6MTY4NDMsInVybCI6Imh0dHBzOlwvXC93d3cuanRlbm92dW8uY29tXC93cC1jb250ZW50XC91cGxvYWRzXC8yMDI0XC8wNFwvYmlyZHNjdjEuanBnIiwic2xpZGVzaG93IjoiNDQzMDg5OSJ9\">\n\t\t\t\t\t<div class=\"e-gallery-image elementor-gallery-item__image\" data-thumbnail=\"https:\/\/www.jtenovuo.com\/wp-content\/uploads\/2024\/04\/birdscv1.jpg\" data-width=\"400\" data-height=\"299\" aria-label=\"\" role=\"img\" ><\/div>\n\t\t\t\t\t\t\t\t\t\t\t<div class=\"elementor-gallery-item__overlay\"><\/div>\n\t\t\t\t\t\t\t\t\t\t\t\t\t\t<\/a>\n\t\t\t\t\t\t\t<a class=\"e-gallery-item elementor-gallery-item elementor-animated-content\" href=\"https:\/\/www.jtenovuo.com\/wp-content\/uploads\/2024\/04\/birdscv3.jpg\" data-elementor-open-lightbox=\"yes\" data-elementor-lightbox-slideshow=\"4430899\" data-elementor-lightbox-title=\"birdscv3\" data-e-action-hash=\"#elementor-action%3Aaction%3Dlightbox%26settings%3DeyJpZCI6MTY4NDQsInVybCI6Imh0dHBzOlwvXC93d3cuanRlbm92dW8uY29tXC93cC1jb250ZW50XC91cGxvYWRzXC8yMDI0XC8wNFwvYmlyZHNjdjMuanBnIiwic2xpZGVzaG93IjoiNDQzMDg5OSJ9\">\n\t\t\t\t\t<div class=\"e-gallery-image elementor-gallery-item__image\" data-thumbnail=\"https:\/\/www.jtenovuo.com\/wp-content\/uploads\/2024\/04\/birdscv3.jpg\" data-width=\"400\" data-height=\"300\" aria-label=\"\" role=\"img\" ><\/div>\n\t\t\t\t\t\t\t\t\t\t\t<div class=\"elementor-gallery-item__overlay\"><\/div>\n\t\t\t\t\t\t\t\t\t\t\t\t\t\t<\/a>\n\t\t\t\t\t\t\t<a class=\"e-gallery-item elementor-gallery-item elementor-animated-content\" href=\"https:\/\/www.jtenovuo.com\/wp-content\/uploads\/2024\/04\/birdscv4.jpg\" data-elementor-open-lightbox=\"yes\" data-elementor-lightbox-slideshow=\"4430899\" data-elementor-lightbox-title=\"birdscv4\" data-e-action-hash=\"#elementor-action%3Aaction%3Dlightbox%26settings%3DeyJpZCI6MTY4NDUsInVybCI6Imh0dHBzOlwvXC93d3cuanRlbm92dW8uY29tXC93cC1jb250ZW50XC91cGxvYWRzXC8yMDI0XC8wNFwvYmlyZHNjdjQuanBnIiwic2xpZGVzaG93IjoiNDQzMDg5OSJ9\">\n\t\t\t\t\t<div class=\"e-gallery-image elementor-gallery-item__image\" data-thumbnail=\"https:\/\/www.jtenovuo.com\/wp-content\/uploads\/2024\/04\/birdscv4.jpg\" data-width=\"400\" data-height=\"300\" aria-label=\"\" role=\"img\" ><\/div>\n\t\t\t\t\t\t\t\t\t\t\t<div class=\"elementor-gallery-item__overlay\"><\/div>\n\t\t\t\t\t\t\t\t\t\t\t\t\t\t<\/a>\n\t\t\t\t\t<\/div>\n\t\t\t\t\t<\/div>\n\t\t\t\t<\/div>\n\t\t\t\t<div class=\"elementor-element elementor-element-1714e7d elementor-widget elementor-widget-text-editor\" data-id=\"1714e7d\" data-element_type=\"widget\" data-e-type=\"widget\" data-widget_type=\"text-editor.default\">\n\t\t\t\t<div class=\"elementor-widget-container\">\n\t\t\t\t\t\t\t\t\t<blockquote><blockquote><p><strong>In total 76 articles in the following journals\/magazines<\/strong><\/p><p>Alula<br \/>Ornis Fennica<br \/>Birding World<br \/>Lintumies (in Finnish)<br \/>Ukuli (in Finnish)<br \/>Linnut (in Finnish)<br \/>Tringa (in Finnish)<br \/>Tiira (in Finnish)<br \/>Sk\u00e4rg\u00e5rd (in Swedish)<br \/>Luontokuva (in Finnish)<br \/>Suomen Luonto (in Finnish)<\/p><p><strong>Examples:<\/strong><\/p><p>Hakala J, Tenovuo J: Identification and plumages of large pipits (Anthus campestris, A. novaeseelandiae and A. godlewskii).<br \/>Ornis Fennica 45, 131-7, 1968.<\/p><p>Tenovuo J, Varrela J: Identification of the Great Grey Shrike complex in Europe.<br \/>Alula 1, 2-11, 1998.<\/p><p>Perttula P, Tenovuo J: Great Grey Shrike subspecies excubitor, sibiricus and borealis.<br \/>Alula 8, 54-60, 2002.<\/p><p>Tenovuo J: Pacific Swift or an albino Common Swift?<br \/>Alula 9, 60-2, 2003.<\/p><p>Tenovuo J: White-rumped Swifts in Spain.<br \/>Birding World 17, 476-7, 2004.<\/p><p>Tenovuo J: Field identification of Little Egret and Western Reef Heron \u2013 can it be difficult?<br \/>Alula 11, 112-4, 2005.<\/p><p>Tenovuo J: Basra Reed Warbler \u2013 a little-known Western Paleartic bird.<br \/>Birding World 19, 66-8, 2006.<\/p><p>Tenovuo J: Ivory Gull and Sabine\u2019s Gull: two rare European species breeding in Svalbard, Norway.<br \/>Birding World 24(7), 300-3004, 2011<\/p><p>Tenovuo J: Ut\u00f6n linnut \u2013 F\u00e5glarnas Ut\u00f6 (Birds of Ut\u00f6 island), 144 pages. Publisher: Vrakplundrarf\u00f6rlaget, 2015<\/p><p>Tenovuo J. Birds eat birds. Luontokuva 37, 15-19,2\/2022<\/p><p>Tenovuo J. Mysterious bird\u00a0\u2013 Barred Warbler. Suomen Luonto 81\/5, 26-29, 2022<\/p><p>Tenovuo J. Owls in the outer archipelago. Luontokuva 38, 22-27, 2023<\/p><p>Tenovuo J.\u00a0Pelagic birding on the Atlantic coast. Linnut 58\/2, ss. 36-45, 2023<\/p><p>Tenovuo J. Wintering birds in the outer archipelago. Luontokuva 39, 30-35, 2024<\/p><\/blockquote><h3>Published digiphotos of birds (&gt; 1280)<\/h3><blockquote><p><strong>In birding and nature magazines or books:<\/strong><\/p><p>Alula<br \/>Birding World<br \/>Birdwatch<br \/>British Birds<br \/>Dutch Birding<br \/>Roadrunner<br \/>V\u00f6gel<br \/>Fugle i Felten<br \/>Linnut-magazine<br \/>Linnut-year books<br \/>Ukuli<br \/>Tiira<br \/>Tringa<br \/>Bongari-year books<br \/>Suomen Luonto (Finnish Nature)<br \/>Luontokuva (Nature Photograph)<br \/>Birds in Nature (Latvia, Putni dab\u00e3)<br \/>Pauksciai (Lithuania)<br \/>Behavioral Ecology<\/p><p>Guide to Birdwatchers; by Lasse J Laine, Otava Publishing Co., 2004<br \/>Birds I-III, ed by J S\u00f6dersved et al., Weilin &amp; G\u00f6\u00f6s Publishing Co., 2008 \u00a0(3 photos)<br \/>Spotter\u2019s Guide to Birds of the Bushveld (by S C Kidson &amp; H L van Niekerk, Briza Publications, South Africa, 2007) ( in total 18 photos)<br \/>Bushveld \u2013 a field guide from the Waterberg (by L Cutteridge, Durban, 2008) (5 photos)<br \/>Big Garden Birdwatch (winter guide), BirdLife Finland, 2009 (14 photos)<br \/>Atlas da Fauna do Vale do Coa (by R Tom\u00e9 &amp; P Catry, Pinhel, Portugal, 2009) (in total 15 photos)<br \/>tot Parc, Spain (2009, 2 photos)<br \/>Birds of the Alps (by B Caula, P L Beraudo &amp; M Pettavino, Italy, 2009 (in total 51 photos)<br \/>Birds of South Africa (by S Kidson &amp; H van Niekerk, Briza Publications, South Africa, 2014) (in total 5 photos)<br \/>Ornitologia Cuneese (by B Caula, PL Beraudo, Primalpe, Cuneo, 2014) (in total 31 photos)<br \/>Identification Guide to Finnish Birds (by Lasse J Laine, Otava, 2015) (in total 32 photos)<br \/>Handbook of Western Palearctic Birds, Vol I-II (by H Shirihai &amp; L Svensson, Helm, 2018) (in total 9 photos)<\/p><p>plus in 25 different non-birding Finnish journals (newspapers etc)<\/p><p><strong>plus (&gt; 500 photos) on a number of webpages, such as<\/strong><\/p><p>BirdLife Finland<br \/>Tarsiger. com<br \/>Donana Bird Tours<br \/>Scenic Bird Tours<br \/>TP-naturresor<br \/>Birds in Tanzania<br \/>Birdinfo. com<br \/>RajalaCamera<br \/>Radio Lapland etc<\/p><p><strong>Other, such as<\/strong><\/p><p>Birdphotos (5) to the information signs of Viikki nature<br \/>path, Helsinki 2006<br \/>Birdphotos (3) to the information signs of Pernajanlahti,<br \/>Finland 2007<br \/>Birdphotos (3) to the information signs of Noormarkku,<br \/>Finland 2010<br \/>Birdphotos (4) to the information signs of Parainen 2011<br \/>BirdLife-poster, Cyprus 2006<br \/>Information Poster, Mets\u00e4hallitus, Finland 2007, 2014<\/p><\/blockquote><h3>Invited presentations of birds and\/or birdphotos<\/h3><blockquote><p>1999- in total\u00a073<\/p><\/blockquote><h3>Honours<\/h3><blockquote><p>Finnish Nature Photographers:<br \/>Picture of the Month: Grey Heron, July 2006<br \/>Liminka Bird photo festival, 2nd Prize, 2015<br \/>Birdlife Finland, Mark of Honor, 2016<\/p><\/blockquote><h3>Exhibitions:<\/h3><blockquote><p>Bird Photos, Turku, Ruissalo (Tammenterho) 2004 (own exhibition with 30 photos)<br \/>Birds from the Archipelago (together with Anne Tuominen), Tuusula, Tuuskoto 2007<br \/>Helsinki Fair, 2010<br \/>Ut\u00f6 Havshotel 2011 (together with Markus Varesvuo)<br \/>Turku City Library 2012 (together with Markus Varesvuo)<br \/>Maretarium, Kotka 2012 (together with Markus Varesvuo)<br \/>Studio Larus minutus, Helsinki 2020-<\/p><\/blockquote><h3>Other activities<\/h3><p>Founding Member of Turku Ornithological Society 1966<br \/>Board Member of Turku Ornithological Society 1999-2000<br \/>In total of 31 bird columns in local leading newspaper (Turun Sanomat) 1999-2000<br \/>Member of the Organization of Finnish Nature Photographers<br \/>Member of the Organization of Nature Photographers of Turku district<\/p><\/blockquote>\t\t\t\t\t\t\t\t<\/div>\n\t\t\t\t<\/div>\n\t\t\t\t\t<\/div>\n\t\t\t\t<\/div>\n\t\t\t\t<\/div>\n\t\t","protected":false},"excerpt":{"rendered":"<p>In total 76 articles in the following journals\/magazines AlulaOrnis FennicaBirding WorldLintumies (in Finnish)Ukuli (in Finnish)Linnut (in Finnish)Tringa (in Finnish)Tiira (in Finnish)Sk\u00e4rg\u00e5rd (in Swedish)Luontokuva (in Finnish)Suomen Luonto (in Finnish) Examples: Hakala J, Tenovuo J: Identification and plumages of large pipits (Anthus campestris, A. novaeseelandiae and A. godlewskii).Ornis Fennica 45, 131-7, 1968. Tenovuo J, Varrela J: Identification [&hellip;]<\/p>\n","protected":false},"author":1,"featured_media":30052,"parent":0,"menu_order":0,"comment_status":"closed","ping_status":"closed","template":"elementor_header_footer","meta":{"footnotes":""},"class_list":["post-30094","page","type-page","status-publish","has-post-thumbnail","hentry"],"yoast_head":"<!-- This site is optimized with the Yoast SEO plugin v27.3 - https:\/\/yoast.com\/product\/yoast-seo-wordpress\/ -->\n<title>Birds CV - Jorma Tenovuo<\/title>\n<meta name=\"robots\" content=\"index, follow, max-snippet:-1, max-image-preview:large, max-video-preview:-1\" \/>\n<link rel=\"canonical\" href=\"https:\/\/www.jtenovuo.com\/en\/birds-cv\/\" \/>\n<meta property=\"og:locale\" content=\"en_US\" \/>\n<meta property=\"og:type\" content=\"article\" \/>\n<meta property=\"og:title\" content=\"Birds CV - Jorma Tenovuo\" \/>\n<meta property=\"og:description\" content=\"In total 76 articles in the following journals\/magazines AlulaOrnis FennicaBirding WorldLintumies (in Finnish)Ukuli (in Finnish)Linnut (in Finnish)Tringa (in Finnish)Tiira (in Finnish)Sk\u00e4rg\u00e5rd (in Swedish)Luontokuva (in Finnish)Suomen Luonto (in Finnish) Examples: Hakala J, Tenovuo J: Identification and plumages of large pipits (Anthus campestris, A. novaeseelandiae and A. godlewskii).Ornis Fennica 45, 131-7, 1968. Tenovuo J, Varrela J: Identification [&hellip;]\" \/>\n<meta property=\"og:url\" content=\"https:\/\/www.jtenovuo.com\/en\/birds-cv\/\" \/>\n<meta property=\"og:site_name\" content=\"Jorma Tenovuo\" \/>\n<meta property=\"article:modified_time\" content=\"2026-03-25T15:57:04+00:00\" \/>\n<meta property=\"og:image\" content=\"https:\/\/www.jtenovuo.com\/wp-content\/uploads\/2024\/04\/linnutcv.jpg\" \/>\n\t<meta property=\"og:image:width\" content=\"1920\" \/>\n\t<meta property=\"og:image:height\" content=\"757\" \/>\n\t<meta property=\"og:image:type\" content=\"image\/jpeg\" \/>\n<meta name=\"twitter:card\" content=\"summary_large_image\" \/>\n<meta name=\"twitter:label1\" content=\"Est. reading time\" \/>\n\t<meta name=\"twitter:data1\" content=\"1 minute\" \/>\n<script type=\"application\/ld+json\" class=\"yoast-schema-graph\">{\"@context\":\"https:\\\/\\\/schema.org\",\"@graph\":[{\"@type\":\"WebPage\",\"@id\":\"https:\\\/\\\/www.jtenovuo.com\\\/en\\\/birds-cv\\\/\",\"url\":\"https:\\\/\\\/www.jtenovuo.com\\\/en\\\/birds-cv\\\/\",\"name\":\"Birds CV - Jorma Tenovuo\",\"isPartOf\":{\"@id\":\"https:\\\/\\\/www.jtenovuo.com\\\/en\\\/#website\"},\"primaryImageOfPage\":{\"@id\":\"https:\\\/\\\/www.jtenovuo.com\\\/en\\\/birds-cv\\\/#primaryimage\"},\"image\":{\"@id\":\"https:\\\/\\\/www.jtenovuo.com\\\/en\\\/birds-cv\\\/#primaryimage\"},\"thumbnailUrl\":\"https:\\\/\\\/www.jtenovuo.com\\\/wp-content\\\/uploads\\\/2024\\\/04\\\/linnutcv.jpg\",\"datePublished\":\"2024-04-08T23:09:20+00:00\",\"dateModified\":\"2026-03-25T15:57:04+00:00\",\"breadcrumb\":{\"@id\":\"https:\\\/\\\/www.jtenovuo.com\\\/en\\\/birds-cv\\\/#breadcrumb\"},\"inLanguage\":\"en-US\",\"potentialAction\":[{\"@type\":\"ReadAction\",\"target\":[\"https:\\\/\\\/www.jtenovuo.com\\\/en\\\/birds-cv\\\/\"]}]},{\"@type\":\"ImageObject\",\"inLanguage\":\"en-US\",\"@id\":\"https:\\\/\\\/www.jtenovuo.com\\\/en\\\/birds-cv\\\/#primaryimage\",\"url\":\"https:\\\/\\\/www.jtenovuo.com\\\/wp-content\\\/uploads\\\/2024\\\/04\\\/linnutcv.jpg\",\"contentUrl\":\"https:\\\/\\\/www.jtenovuo.com\\\/wp-content\\\/uploads\\\/2024\\\/04\\\/linnutcv.jpg\",\"width\":1920,\"height\":757},{\"@type\":\"BreadcrumbList\",\"@id\":\"https:\\\/\\\/www.jtenovuo.com\\\/en\\\/birds-cv\\\/#breadcrumb\",\"itemListElement\":[{\"@type\":\"ListItem\",\"position\":1,\"name\":\"Etusivu\",\"item\":\"https:\\\/\\\/www.jtenovuo.com\\\/en\\\/\"},{\"@type\":\"ListItem\",\"position\":2,\"name\":\"Birds CV\"}]},{\"@type\":\"WebSite\",\"@id\":\"https:\\\/\\\/www.jtenovuo.com\\\/en\\\/#website\",\"url\":\"https:\\\/\\\/www.jtenovuo.com\\\/en\\\/\",\"name\":\"Jorma Tenovuo\",\"description\":\"Aktiivinen lintuharrastaja ja lintukuvaaja Paraisten Ut\u00f6st\u00e4\",\"publisher\":{\"@id\":\"https:\\\/\\\/www.jtenovuo.com\\\/en\\\/#organization\"},\"potentialAction\":[{\"@type\":\"SearchAction\",\"target\":{\"@type\":\"EntryPoint\",\"urlTemplate\":\"https:\\\/\\\/www.jtenovuo.com\\\/en\\\/?s={search_term_string}\"},\"query-input\":{\"@type\":\"PropertyValueSpecification\",\"valueRequired\":true,\"valueName\":\"search_term_string\"}}],\"inLanguage\":\"en-US\"},{\"@type\":\"Organization\",\"@id\":\"https:\\\/\\\/www.jtenovuo.com\\\/en\\\/#organization\",\"name\":\"Jorma Tenovuo\",\"url\":\"https:\\\/\\\/www.jtenovuo.com\\\/en\\\/\",\"logo\":{\"@type\":\"ImageObject\",\"inLanguage\":\"en-US\",\"@id\":\"https:\\\/\\\/www.jtenovuo.com\\\/en\\\/#\\\/schema\\\/logo\\\/image\\\/\",\"url\":\"https:\\\/\\\/www.jtenovuo.com\\\/wp-content\\\/uploads\\\/2022\\\/02\\\/jte-logo.svg\",\"contentUrl\":\"https:\\\/\\\/www.jtenovuo.com\\\/wp-content\\\/uploads\\\/2022\\\/02\\\/jte-logo.svg\",\"width\":166.59,\"height\":70.505,\"caption\":\"Jorma Tenovuo\"},\"image\":{\"@id\":\"https:\\\/\\\/www.jtenovuo.com\\\/en\\\/#\\\/schema\\\/logo\\\/image\\\/\"}}]}<\/script>\n<!-- \/ Yoast SEO plugin. -->","yoast_head_json":{"title":"Birds CV - Jorma Tenovuo","robots":{"index":"index","follow":"follow","max-snippet":"max-snippet:-1","max-image-preview":"max-image-preview:large","max-video-preview":"max-video-preview:-1"},"canonical":"https:\/\/www.jtenovuo.com\/en\/birds-cv\/","og_locale":"en_US","og_type":"article","og_title":"Birds CV - Jorma Tenovuo","og_description":"In total 76 articles in the following journals\/magazines AlulaOrnis FennicaBirding WorldLintumies (in Finnish)Ukuli (in Finnish)Linnut (in Finnish)Tringa (in Finnish)Tiira (in Finnish)Sk\u00e4rg\u00e5rd (in Swedish)Luontokuva (in Finnish)Suomen Luonto (in Finnish) Examples: Hakala J, Tenovuo J: Identification and plumages of large pipits (Anthus campestris, A. novaeseelandiae and A. godlewskii).Ornis Fennica 45, 131-7, 1968. Tenovuo J, Varrela J: Identification [&hellip;]","og_url":"https:\/\/www.jtenovuo.com\/en\/birds-cv\/","og_site_name":"Jorma Tenovuo","article_modified_time":"2026-03-25T15:57:04+00:00","og_image":[{"width":1920,"height":757,"url":"https:\/\/www.jtenovuo.com\/wp-content\/uploads\/2024\/04\/linnutcv.jpg","type":"image\/jpeg"}],"twitter_card":"summary_large_image","twitter_misc":{"Est. reading time":"1 minute"},"schema":{"@context":"https:\/\/schema.org","@graph":[{"@type":"WebPage","@id":"https:\/\/www.jtenovuo.com\/en\/birds-cv\/","url":"https:\/\/www.jtenovuo.com\/en\/birds-cv\/","name":"Birds CV - Jorma Tenovuo","isPartOf":{"@id":"https:\/\/www.jtenovuo.com\/en\/#website"},"primaryImageOfPage":{"@id":"https:\/\/www.jtenovuo.com\/en\/birds-cv\/#primaryimage"},"image":{"@id":"https:\/\/www.jtenovuo.com\/en\/birds-cv\/#primaryimage"},"thumbnailUrl":"https:\/\/www.jtenovuo.com\/wp-content\/uploads\/2024\/04\/linnutcv.jpg","datePublished":"2024-04-08T23:09:20+00:00","dateModified":"2026-03-25T15:57:04+00:00","breadcrumb":{"@id":"https:\/\/www.jtenovuo.com\/en\/birds-cv\/#breadcrumb"},"inLanguage":"en-US","potentialAction":[{"@type":"ReadAction","target":["https:\/\/www.jtenovuo.com\/en\/birds-cv\/"]}]},{"@type":"ImageObject","inLanguage":"en-US","@id":"https:\/\/www.jtenovuo.com\/en\/birds-cv\/#primaryimage","url":"https:\/\/www.jtenovuo.com\/wp-content\/uploads\/2024\/04\/linnutcv.jpg","contentUrl":"https:\/\/www.jtenovuo.com\/wp-content\/uploads\/2024\/04\/linnutcv.jpg","width":1920,"height":757},{"@type":"BreadcrumbList","@id":"https:\/\/www.jtenovuo.com\/en\/birds-cv\/#breadcrumb","itemListElement":[{"@type":"ListItem","position":1,"name":"Etusivu","item":"https:\/\/www.jtenovuo.com\/en\/"},{"@type":"ListItem","position":2,"name":"Birds CV"}]},{"@type":"WebSite","@id":"https:\/\/www.jtenovuo.com\/en\/#website","url":"https:\/\/www.jtenovuo.com\/en\/","name":"Jorma Tenovuo","description":"Aktiivinen lintuharrastaja ja lintukuvaaja Paraisten Ut\u00f6st\u00e4","publisher":{"@id":"https:\/\/www.jtenovuo.com\/en\/#organization"},"potentialAction":[{"@type":"SearchAction","target":{"@type":"EntryPoint","urlTemplate":"https:\/\/www.jtenovuo.com\/en\/?s={search_term_string}"},"query-input":{"@type":"PropertyValueSpecification","valueRequired":true,"valueName":"search_term_string"}}],"inLanguage":"en-US"},{"@type":"Organization","@id":"https:\/\/www.jtenovuo.com\/en\/#organization","name":"Jorma Tenovuo","url":"https:\/\/www.jtenovuo.com\/en\/","logo":{"@type":"ImageObject","inLanguage":"en-US","@id":"https:\/\/www.jtenovuo.com\/en\/#\/schema\/logo\/image\/","url":"https:\/\/www.jtenovuo.com\/wp-content\/uploads\/2022\/02\/jte-logo.svg","contentUrl":"https:\/\/www.jtenovuo.com\/wp-content\/uploads\/2022\/02\/jte-logo.svg","width":166.59,"height":70.505,"caption":"Jorma Tenovuo"},"image":{"@id":"https:\/\/www.jtenovuo.com\/en\/#\/schema\/logo\/image\/"}}]}},"_links":{"self":[{"href":"https:\/\/www.jtenovuo.com\/en\/wp-json\/wp\/v2\/pages\/30094","targetHints":{"allow":["GET"]}}],"collection":[{"href":"https:\/\/www.jtenovuo.com\/en\/wp-json\/wp\/v2\/pages"}],"about":[{"href":"https:\/\/www.jtenovuo.com\/en\/wp-json\/wp\/v2\/types\/page"}],"author":[{"embeddable":true,"href":"https:\/\/www.jtenovuo.com\/en\/wp-json\/wp\/v2\/users\/1"}],"replies":[{"embeddable":true,"href":"https:\/\/www.jtenovuo.com\/en\/wp-json\/wp\/v2\/comments?post=30094"}],"version-history":[{"count":9,"href":"https:\/\/www.jtenovuo.com\/en\/wp-json\/wp\/v2\/pages\/30094\/revisions"}],"predecessor-version":[{"id":34301,"href":"https:\/\/www.jtenovuo.com\/en\/wp-json\/wp\/v2\/pages\/30094\/revisions\/34301"}],"wp:featuredmedia":[{"embeddable":true,"href":"https:\/\/www.jtenovuo.com\/en\/wp-json\/wp\/v2\/media\/30052"}],"wp:attachment":[{"href":"https:\/\/www.jtenovuo.com\/en\/wp-json\/wp\/v2\/media?parent=30094"}],"curies":[{"name":"wp","href":"https:\/\/api.w.org\/{rel}","templated":true}]}}